{"id":507,"date":"2010-11-01T16:42:30","date_gmt":"2010-11-01T15:42:30","guid":{"rendered":"http:\/\/seam.hfm-weimar.de\/wordpress\/?page_id=507"},"modified":"2022-07-06T03:46:15","modified_gmt":"2022-07-06T02:46:15","slug":"tim-helbig","status":"publish","type":"page","link":"https:\/\/seam.hfm-weimar.de\/?page_id=507","title":{"rendered":"Tim Helbig"},"content":{"rendered":"\n<p class=\"has-text-align-left has-text-color has-normal-font-size\" style=\"color:#797979\"><span lang=\"de\"><\/span><strong>k\u00fcnstlerischer Mitarbeiter  f\u00fcr elektroakustische Musik (SEAM)<\/strong><\/p>\n\n\n\n<figure class=\"wp-block-image size-large is-resized is-style-default\"><img decoding=\"async\" src=\"https:\/\/seam.hfm-weimar.de\/wp-content\/uploads\/2022\/01\/timhelbig-853x1024.png\" alt=\"\" class=\"wp-image-2512\" width=\"250\" srcset=\"https:\/\/seam.hfm-weimar.de\/wp-content\/uploads\/2022\/01\/timhelbig-853x1024.png 853w, https:\/\/seam.hfm-weimar.de\/wp-content\/uploads\/2022\/01\/elementor\/thumbs\/timhelbig-pjubwlpedxx530ex4m25lhi4ktcb3drhgoyxzejlmg.png 250w, https:\/\/seam.hfm-weimar.de\/wp-content\/uploads\/2022\/01\/timhelbig-768x922.png 768w, https:\/\/seam.hfm-weimar.de\/wp-content\/uploads\/2022\/01\/timhelbig-1279x1536.png 1279w, https:\/\/seam.hfm-weimar.de\/wp-content\/uploads\/2022\/01\/timhelbig.png 1476w\" sizes=\"(max-width: 853px) 100vw, 853px\" \/><\/figure>\n\n\n\n<p><\/p>\n\n\n\n<p style=\"font-size:14px\"><strong>&lt;DE><\/strong><\/p>\n\n\n\n<p style=\"font-size:15px\"><span style=\"line-height: 1.5;\">1985 in Jena geboren. 2008 Studium Mediengestaltung BU Weimar. 2014 Master Elektroakustische Komposition bei Prof. Robin Minard, HfM Weimar. Klanginstallationen und Live-Elektronik Kompositionen. 2015 \/ 2018 Stipendiat der Kulturstiftung Th\u00fcringen. Diverse Theater- und H\u00f6rspielmusiken (Instrumental, Soundscape, Elektroakustische Kompositionen, u.a.) Am SeaM aktuell insbesondere besch\u00e4ftigt mit dem \u00bb[DBO] \u2013 digital bauhaus Orchester\u00ab, h\u00e4lt Max\/MSP-Kurse sowie Einzel-Projektkonsultationen im Rahmen des Projektmoduls &#8222;Klangwerkstatt&#8220;<\/span>.<br><br><strong>&lt;EN><\/strong><\/p>\n\n\n\n<p style=\"font-size:15px\">Born 1985 in Jena. 2008 Studied media design at BU Weimar. 2014 Master Electroacoustic Composition with Prof. Robin Minard, HfM Weimar. Sound installations and live electronic compositions. 2015 \/ 2018 Scholarship holder of the Kulturstiftung Th\u00fcringen. Various theatre and radio play music (instrumental, soundscape, electroacoustic compositions, etc.) At SeaM currently particularly involved with the &#8222;[DBO] &#8211; Digital Bauhaus Orchestra&#8220;, holds Max\/MSP courses and individual project consultations as part of the project module &#8222;Sound Workshop&#8220;.<\/p>\n\n\n\n<p><\/p>\n\n\n\n<p><\/p>\n\n\n\n<p style=\"font-size:15px\">Official Web: <a href=\"http:\/\/www.timhelbig.de\">http:\/\/www.timhelbig.de<\/a><br>E-mail: <a href=\"mailto:tim.helbig@uni-weimar.de\">tim.helbig@uni-weimar.de<\/a><\/p>\n\n\n\n<h3 class=\"wp-block-heading\">&nbsp;<\/h3>\n\n\n\n<p><\/p>\n","protected":false},"excerpt":{"rendered":"<p>k\u00fcnstlerischer Mitarbeiter f\u00fcr elektroakustische Musik (SEAM) &lt;DE> 1985 in Jena geboren. 2008 Studium Mediengestaltung BU Weimar. 2014 Master Elektroakustische Komposition bei Prof. Robin Minard, HfM Weimar.<span class=\"excerpt-hellip\"> [\u2026]<\/span><\/p>\n","protected":false},"author":1,"featured_media":0,"parent":0,"menu_order":3,"comment_status":"closed","ping_status":"closed","template":"","meta":{"content-type":"","_ti_tpc_template_sync":false,"_ti_tpc_template_id":""},"_links":{"self":[{"href":"https:\/\/seam.hfm-weimar.de\/index.php?rest_route=\/wp\/v2\/pages\/507"}],"collection":[{"href":"https:\/\/seam.hfm-weimar.de\/index.php?rest_route=\/wp\/v2\/pages"}],"about":[{"href":"https:\/\/seam.hfm-weimar.de\/index.php?rest_route=\/wp\/v2\/types\/page"}],"author":[{"embeddable":true,"href":"https:\/\/seam.hfm-weimar.de\/index.php?rest_route=\/wp\/v2\/users\/1"}],"replies":[{"embeddable":true,"href":"https:\/\/seam.hfm-weimar.de\/index.php?rest_route=%2Fwp%2Fv2%2Fcomments&post=507"}],"version-history":[{"count":55,"href":"https:\/\/seam.hfm-weimar.de\/index.php?rest_route=\/wp\/v2\/pages\/507\/revisions"}],"predecessor-version":[{"id":2812,"href":"https:\/\/seam.hfm-weimar.de\/index.php?rest_route=\/wp\/v2\/pages\/507\/revisions\/2812"}],"wp:attachment":[{"href":"https:\/\/seam.hfm-weimar.de\/index.php?rest_route=%2Fwp%2Fv2%2Fmedia&parent=507"}],"curies":[{"name":"wp","href":"https:\/\/api.w.org\/{rel}","templated":true}]}}