{"id":1054,"date":"2015-04-22T12:53:01","date_gmt":"2015-04-22T11:53:01","guid":{"rendered":"http:\/\/seam.hfm-weimar.de\/wordpress\/?page_id=1054"},"modified":"2022-10-24T13:53:14","modified_gmt":"2022-10-24T12:53:14","slug":"about","status":"publish","type":"page","link":"https:\/\/seam.hfm-weimar.de\/?page_id=1054","title":{"rendered":"\u00fcber das SeaM"},"content":{"rendered":"\n<h1 class=\"wp-block-heading\"><\/h1>\n\n\n\n<figure class=\"wp-block-image alignwide size-large is-style-default\"><img decoding=\"async\" loading=\"lazy\" width=\"1024\" height=\"576\" src=\"https:\/\/seam.hfm-weimar.de\/wp-content\/uploads\/2022\/07\/Q3-Main-1024x576.jpg\" alt=\"\" class=\"wp-image-3092\" srcset=\"https:\/\/seam.hfm-weimar.de\/wp-content\/uploads\/2022\/07\/Q3-Main-1024x576.jpg 1024w, https:\/\/seam.hfm-weimar.de\/wp-content\/uploads\/2022\/07\/Q3-Main-300x169.jpg 300w, https:\/\/seam.hfm-weimar.de\/wp-content\/uploads\/2022\/07\/Q3-Main-768x432.jpg 768w, https:\/\/seam.hfm-weimar.de\/wp-content\/uploads\/2022\/07\/Q3-Main-1536x864.jpg 1536w, https:\/\/seam.hfm-weimar.de\/wp-content\/uploads\/2022\/07\/Q3-Main.jpg 1920w\" sizes=\"(max-width: 1024px) 100vw, 1024px\" \/><figcaption>SEAM &#8211; Werkstatt Studio<\/figcaption><\/figure>\n\n\n\n<p style=\"font-size:14px\"><strong>&lt;DE&gt;<\/strong><\/p>\n\n\n\n<h5 class=\"wp-block-heading\" id=\"das-seam-bietet\"><b>Das SeaM bietet<\/b><\/h5>\n\n\n\n<p>Das Studio f\u00fcr elektroakustische Musik (SeaM) unter Leitung von Prof. Maximilian Marcoll,<br>basiert auf einer intensiven Kooperation zwischen der Hochschule f\u00fcr Musik FRANZ LISZT und der Bauhaus-Universit\u00e4t Weimar.Dabei werden beide Institutionen um die Gebiete der elektroakustischen Musik und der Klangkunst erweitert. Das SeaM bietet offene und vielseitige M\u00f6glichkeiten f\u00fcr die Produktion und Pr\u00e4sentation elektroakustischer Musik \u2013h\u00e4ufig in interdisziplin\u00e4ren Zusammenh\u00e4ngen \u2013 sowie f\u00fcr die Erforschung und Entwicklung neuer k\u00fcnstlerischer Themenbereiche.&nbsp;<br><br>Ein umfassendes Lehrangebot (Seminare, \u00dcbungen, Spezialvortr\u00e4ge) erlaubt vertiefende Einblicke und erm\u00f6glicht umfangreiche Diskurse hinsichtlich elektroakustischer und computergest\u00fctzter Komposition, zu Klanginstallationen sowie multimedialer Projekte.Zudem verf\u00fcgt das SeaM \u00fcber professionelle Audiotechnik zur Aufnahme und Produktion sowie zur Pr\u00e4sentation von Arbeiten in Konzerten und anderen Formaten.&nbsp;<\/p>\n\n\n\n<h5 class=\"wp-block-heading\" id=\"im-lehrangebot\"><b>Im Lehrangebot<\/b><\/h5>\n\n\n\n<p style=\"font-size:15px\"><strong>Klangwerkstatt I, ll<\/strong>   &#8211; Prof. Marcoll, Robert Rehinig, Tim Helbig<br><strong>Kolloquium- <\/strong> Prof.Marcoll<br><strong>E<\/strong>l<strong>ektroakustische Musik I, ll-<\/strong> Robert Rehnig<br><strong>Klang\u00f6kologie &#8211;<\/strong> Robert Rehnig<br><strong>Spezialkurs in Computermusik: Live-Elektronik &#8211;<\/strong> Tim Helbig<br><strong>Einf\u00fchrung in Max\/MSP &#8211; <\/strong>Tim Helbig<br><strong>Musik und Technologie &#8211;<\/strong> Julia Mih\u00e1ly<br><strong>Musikinformatik  &#8211;<\/strong> Prof.Marcoll<br><strong>Tonstudiotechnik &#8211;<\/strong> Daniel Schulz <br><br>Spezielle Themen zur elektroakustischen Komposition &#8211; dreidimensionale Klanggestaltung, Ger\u00e4te zur Manipulation von Kl\u00e4ngen etc.<br>Spezielle Kurse im Bereich Multimedia &#8211; z.B. Director, Flash, Jitter, Videomanagement, etc. (je nach Angebot)<br><br><\/p>\n\n\n\n<figure class=\"wp-block-image alignwide size-large\"><img decoding=\"async\" loading=\"lazy\" width=\"1024\" height=\"576\" src=\"https:\/\/seam.hfm-weimar.de\/wp-content\/uploads\/2022\/07\/Klangwerkstatt-2-1024x576.jpg\" alt=\"\" class=\"wp-image-3133\" srcset=\"https:\/\/seam.hfm-weimar.de\/wp-content\/uploads\/2022\/07\/Klangwerkstatt-2-1024x576.jpg 1024w, https:\/\/seam.hfm-weimar.de\/wp-content\/uploads\/2022\/07\/Klangwerkstatt-2-300x169.jpg 300w, https:\/\/seam.hfm-weimar.de\/wp-content\/uploads\/2022\/07\/Klangwerkstatt-2-768x432.jpg 768w, https:\/\/seam.hfm-weimar.de\/wp-content\/uploads\/2022\/07\/Klangwerkstatt-2-1536x864.jpg 1536w, https:\/\/seam.hfm-weimar.de\/wp-content\/uploads\/2022\/07\/Klangwerkstatt-2.jpg 1920w\" sizes=\"(max-width: 1024px) 100vw, 1024px\" \/><figcaption>SEAM &#8211; Klangwerkstatt<\/figcaption><\/figure>\n\n\n\n<p style=\"font-size:15px\"><br><strong>&lt;EN&gt;<\/strong><\/p>\n\n\n\n<h5 class=\"wp-block-heading\" id=\"the-seam-offers\"><b>The SEAM offers:<\/b><\/h5>\n\n\n\n<p>The Studio for Electroacoustic Music (SeaM), directed by Prof. Maximilian Marcoll, is based on a cooperation between the FRANZ LISZT University of Music and the Bauhaus University Weimar. <br>Thereby both institutions are extended by the artistic fields of electroacoustic music and sound art. <br>The SeaM offers open and versatile possibilities for the production and presentation of electroacoustic music &#8211; often in cross-disciplinary contexts &#8211; as well as for the research and development of new artistic areas.<br><br>A comprehensive teaching program (seminars, tutorials, special lectures) allows in-depth insights and <br>facilitates extensive discourse regarding electroacoustic and computer-aided composition, sound installations, and multimedia projects. Additionally, The SeaM provides professional audio technology for recording and production as well as for the presentation of works in concerts and other formats.\u00a0<\/p>\n\n\n\n<h5 class=\"wp-block-heading\" id=\"during-the-study-period-the-following-is-offered\"><b>During the study period, the following is offered:<\/b><\/h5>\n\n\n\n<p style=\"font-size:15px\"><strong>Sound Workshop  I, ll  &#8211;<\/strong> Prof. Marcoll, Robert Rehinig, Tim Helbig <br><strong>Colloquium &#8211; <\/strong>Prof.Marcoll<br><strong>Electroacoustic Music I, ll &#8211;<\/strong> Robert Rehnig<br><strong>Sound Ecology &#8211;<\/strong> Robert Rehnig<br><strong>Special Course in computer music \/ Live Electronics  &#8211;<\/strong> Tim Helbig<br><strong>Introduction to Max\/MSP &#8211; <\/strong>Tim Helbig<br><strong>Music and<strong> Technology<\/strong><\/strong> <strong>&#8211; <\/strong>Julia Mih\u00e1ly<br><strong>Music Computer Science &#8211; <\/strong>Prof.Marcoll<br><strong>Studio Recording and Technology <\/strong>&#8211; Daniel Schulz<br><br>Special topics regarding electro-acoustic composition &#8211; three-dimensional sound organization, appliances for the manipulation of sounds, etc.<br>Special courses in Multimedia &#8211; e.g. Director, Flash, jitter, video management, etc. (according to supply)<\/p>\n\n\n\n<hr class=\"wp-block-separator has-alpha-channel-opacity\"\/>\n\n\n\n<p class=\"has-small-font-size\"><strong><br>Copyright (c) SEAM 2022 all rights reserved.<\/strong><\/p>\n\n\n\n<p><\/p>\n\n\n\n<p><\/p>\n\n\n\n<p><\/p>\n","protected":false},"excerpt":{"rendered":"<p>&lt;DE&gt; Das SeaM bietet Das Studio f\u00fcr elektroakustische Musik (SeaM) unter Leitung von Prof. Maximilian Marcoll,basiert auf einer intensiven Kooperation zwischen der Hochschule f\u00fcr Musik FRANZ<span class=\"excerpt-hellip\"> [\u2026]<\/span><\/p>\n","protected":false},"author":1,"featured_media":0,"parent":0,"menu_order":0,"comment_status":"closed","ping_status":"open","template":"","meta":{"content-type":"","_ti_tpc_template_sync":false,"_ti_tpc_template_id":""},"_links":{"self":[{"href":"https:\/\/seam.hfm-weimar.de\/index.php?rest_route=\/wp\/v2\/pages\/1054"}],"collection":[{"href":"https:\/\/seam.hfm-weimar.de\/index.php?rest_route=\/wp\/v2\/pages"}],"about":[{"href":"https:\/\/seam.hfm-weimar.de\/index.php?rest_route=\/wp\/v2\/types\/page"}],"author":[{"embeddable":true,"href":"https:\/\/seam.hfm-weimar.de\/index.php?rest_route=\/wp\/v2\/users\/1"}],"replies":[{"embeddable":true,"href":"https:\/\/seam.hfm-weimar.de\/index.php?rest_route=%2Fwp%2Fv2%2Fcomments&post=1054"}],"version-history":[{"count":103,"href":"https:\/\/seam.hfm-weimar.de\/index.php?rest_route=\/wp\/v2\/pages\/1054\/revisions"}],"predecessor-version":[{"id":3356,"href":"https:\/\/seam.hfm-weimar.de\/index.php?rest_route=\/wp\/v2\/pages\/1054\/revisions\/3356"}],"wp:attachment":[{"href":"https:\/\/seam.hfm-weimar.de\/index.php?rest_route=%2Fwp%2Fv2%2Fmedia&parent=1054"}],"curies":[{"name":"wp","href":"https:\/\/api.w.org\/{rel}","templated":true}]}}